{"id":4559,"date":"2026-03-03T10:27:09","date_gmt":"2026-03-03T10:27:09","guid":{"rendered":"https:\/\/j-ferreira.pt\/?post_type=product&#038;p=4559"},"modified":"2026-04-07T10:28:15","modified_gmt":"2026-04-07T10:28:15","slug":"reerguer-leiria","status":"publish","type":"product","link":"https:\/\/j-ferreira.pt\/en\/product\/reerguer-leiria\/","title":{"rendered":"Reerguer Leiria"},"content":{"rendered":"<p>Ao adquirires este voucher solid\u00e1rio, est\u00e1s a contribuir para a iniciativa <strong>Reerguer Leiria<\/strong>, que visa apoiar a nossa comunidade na recupera\u00e7\u00e3o do concelho.<\/p>\n<p>Juntos somos mais fortes!<\/p>","protected":false},"excerpt":{"rendered":"<p>Ao adquirires este voucher solid\u00e1rio, est\u00e1s a contribuir para a iniciativa Reerguer Leiria, que visa apoiar a nossa comunidade na recupera\u00e7\u00e3o do concelho. Juntos somos mais fortes!<\/p>","protected":false},"featured_media":4565,"template":"","meta":[],"product_brand":[],"product_cat":[20],"product_tag":[],"class_list":{"0":"post-4559","1":"product","2":"type-product","3":"status-publish","4":"has-post-thumbnail","6":"product_cat-uncategorized","8":"first","9":"instock","10":"virtual","11":"taxable","12":"purchasable","13":"product-type-simple"},"_links":{"self":[{"href":"https:\/\/j-ferreira.pt\/en\/wp-json\/wp\/v2\/product\/4559","targetHints":{"allow":["GET"]}}],"collection":[{"href":"https:\/\/j-ferreira.pt\/en\/wp-json\/wp\/v2\/product"}],"about":[{"href":"https:\/\/j-ferreira.pt\/en\/wp-json\/wp\/v2\/types\/product"}],"wp:featuredmedia":[{"embeddable":true,"href":"https:\/\/j-ferreira.pt\/en\/wp-json\/wp\/v2\/media\/4565"}],"wp:attachment":[{"href":"https:\/\/j-ferreira.pt\/en\/wp-json\/wp\/v2\/media?parent=4559"}],"wp:term":[{"taxonomy":"product_brand","embeddable":true,"href":"https:\/\/j-ferreira.pt\/en\/wp-json\/wp\/v2\/product_brand?post=4559"},{"taxonomy":"product_cat","embeddable":true,"href":"https:\/\/j-ferreira.pt\/en\/wp-json\/wp\/v2\/product_cat?post=4559"},{"taxonomy":"product_tag","embeddable":true,"href":"https:\/\/j-ferreira.pt\/en\/wp-json\/wp\/v2\/product_tag?post=4559"}],"curies":[{"name":"wp","href":"https:\/\/api.w.org\/{rel}","templated":true}]}}