{"id":3511,"date":"2024-12-13T18:18:36","date_gmt":"2024-12-13T18:18:36","guid":{"rendered":"https:\/\/j-ferreira.pt\/?post_type=product&#038;p=3511"},"modified":"2026-04-07T09:54:39","modified_gmt":"2026-04-07T09:54:39","slug":"pack-especial-de-natal-jf-mulher","status":"publish","type":"product","link":"https:\/\/j-ferreira.pt\/en\/product\/pack-especial-de-natal-jf-mulher\/","title":{"rendered":"Pack JF | Mulher"},"content":{"rendered":"<p>Uma edi\u00e7\u00e3o limitada que junta os best-sellers do merch Jo\u00e3o Ferreira a um pre\u00e7o exclusivo.<\/p>\n<p class=\"p1\">Para ti ou para surpreender quem vive a adrenalina dos desportos motorizados. Este \u00e9 o presente perfeito para utilizar no dia a dia ou para demonstrares o teu apoio nas provas!<\/p>\n<p class=\"p1\"><strong>O pack inclui<\/strong>:<\/p>\n<ul>\n<li class=\"p1\">1 <a href=\"https:\/\/j-ferreira.pt\/en\/product\/casaco-jf-sponsors\/\">Casaco JF Sponsors<\/a><\/li>\n<li class=\"p1\">1 <a href=\"https:\/\/j-ferreira.pt\/en\/product\/t-shirt-jf-sponsors\/\">T-shirt JF Sponsors<\/a><\/li>\n<li class=\"p1\">1 <a href=\"https:\/\/j-ferreira.pt\/en\/product\/fita-jf-signature-plana\/\">Fita JF Signature Plana<\/a><\/li>\n<li class=\"p1\">1 <a href=\"https:\/\/j-ferreira.pt\/en\/product\/stickers-jf-mini-colored\/\">Autocolantes JF Hilux<\/a><\/li>\n<\/ul>\n<p>&nbsp;<\/p>\n<p>&nbsp;<\/p>\n<p><strong>Guia de tamanhos Casaco (Mulher):<br \/>\n<\/strong><\/p>\n<table class=\"tiptap-table\" style=\"height: 185px;\" width=\"307\">\n<tbody>\n<tr>\n<td colspan=\"1\" rowspan=\"1\"><strong>Size<\/strong><\/td>\n<td colspan=\"1\" rowspan=\"1\"><strong>Height (cm)<\/strong><\/td>\n<td colspan=\"1\" rowspan=\"1\"><strong>Width (cm)<\/strong><\/td>\n<\/tr>\n<tr>\n<td colspan=\"1\" rowspan=\"1\">S<\/td>\n<td colspan=\"1\" rowspan=\"1\">64<\/td>\n<td colspan=\"1\" rowspan=\"1\">46<\/td>\n<\/tr>\n<tr>\n<td colspan=\"1\" rowspan=\"1\">M<\/td>\n<td colspan=\"1\" rowspan=\"1\">66<\/td>\n<td colspan=\"1\" rowspan=\"1\">49<\/td>\n<\/tr>\n<tr>\n<td colspan=\"1\" rowspan=\"1\">L<\/td>\n<td colspan=\"1\" rowspan=\"1\">68<\/td>\n<td colspan=\"1\" rowspan=\"1\">52<\/td>\n<\/tr>\n<tr>\n<td colspan=\"1\" rowspan=\"1\">XL<\/td>\n<td colspan=\"1\" rowspan=\"1\">70<\/td>\n<td colspan=\"1\" rowspan=\"1\">55<\/td>\n<\/tr>\n<tr>\n<td colspan=\"1\" rowspan=\"1\">XXL<\/td>\n<td colspan=\"1\" rowspan=\"1\">72<\/td>\n<td colspan=\"1\" rowspan=\"1\">58<\/td>\n<\/tr>\n<\/tbody>\n<\/table>\n<p><strong>\u00a0<\/strong><\/p>\n<p><strong>Guia de tamanhos T-shirt (Mulher):<\/strong><\/p>\n<table class=\"tiptap-table\" style=\"height: 184px;\" width=\"306\">\n<tbody>\n<tr>\n<td colspan=\"1\" rowspan=\"1\"><strong>Size<\/strong><\/td>\n<td colspan=\"1\" rowspan=\"1\"><strong>Height (cm)<\/strong><\/td>\n<td colspan=\"1\" rowspan=\"1\"><strong>Width (cm)<\/strong><\/td>\n<\/tr>\n<tr>\n<td colspan=\"1\" rowspan=\"1\">S<\/td>\n<td colspan=\"1\" rowspan=\"1\">41<\/td>\n<td colspan=\"1\" rowspan=\"1\">62<\/td>\n<\/tr>\n<tr>\n<td colspan=\"1\" rowspan=\"1\">M<\/td>\n<td colspan=\"1\" rowspan=\"1\">44<\/td>\n<td colspan=\"1\" rowspan=\"1\">64<\/td>\n<\/tr>\n<tr>\n<td colspan=\"1\" rowspan=\"1\">L<\/td>\n<td colspan=\"1\" rowspan=\"1\">47<\/td>\n<td colspan=\"1\" rowspan=\"1\">66<\/td>\n<\/tr>\n<tr>\n<td colspan=\"1\" rowspan=\"1\">XL<\/td>\n<td colspan=\"1\" rowspan=\"1\">50<\/td>\n<td colspan=\"1\" rowspan=\"1\">68<\/td>\n<\/tr>\n<tr>\n<td colspan=\"1\" rowspan=\"1\">XXL<\/td>\n<td colspan=\"1\" rowspan=\"1\">53<\/td>\n<td colspan=\"1\" rowspan=\"1\">70<\/td>\n<\/tr>\n<\/tbody>\n<\/table>\n<p>&nbsp;<\/p>","protected":false},"excerpt":{"rendered":"<p>Uma edi\u00e7\u00e3o limitada que junta os best-sellers do merch Jo\u00e3o Ferreira a um pre\u00e7o exclusivo. Para ti ou para surpreender quem vive a adrenalina dos desportos motorizados. Este \u00e9 o presente perfeito para utilizar no dia a dia ou para demonstrares o teu apoio nas provas! O pack inclui: 1 Casaco JF Sponsors 1 T-shirt [&hellip;]<\/p>","protected":false},"featured_media":4471,"template":"","meta":[],"product_brand":[],"product_cat":[26,46,35,36],"product_tag":[],"class_list":{"0":"post-3511","1":"product","2":"type-product","3":"status-publish","4":"has-post-thumbnail","6":"product_cat-acessorios","7":"product_cat-casacos","8":"product_cat-colecoes","9":"product_cat-sponsors","11":"first","12":"instock","13":"featured","14":"taxable","15":"shipping-taxable","16":"purchasable","17":"product-type-variable"},"_links":{"self":[{"href":"https:\/\/j-ferreira.pt\/en\/wp-json\/wp\/v2\/product\/3511","targetHints":{"allow":["GET"]}}],"collection":[{"href":"https:\/\/j-ferreira.pt\/en\/wp-json\/wp\/v2\/product"}],"about":[{"href":"https:\/\/j-ferreira.pt\/en\/wp-json\/wp\/v2\/types\/product"}],"wp:featuredmedia":[{"embeddable":true,"href":"https:\/\/j-ferreira.pt\/en\/wp-json\/wp\/v2\/media\/4471"}],"wp:attachment":[{"href":"https:\/\/j-ferreira.pt\/en\/wp-json\/wp\/v2\/media?parent=3511"}],"wp:term":[{"taxonomy":"product_brand","embeddable":true,"href":"https:\/\/j-ferreira.pt\/en\/wp-json\/wp\/v2\/product_brand?post=3511"},{"taxonomy":"product_cat","embeddable":true,"href":"https:\/\/j-ferreira.pt\/en\/wp-json\/wp\/v2\/product_cat?post=3511"},{"taxonomy":"product_tag","embeddable":true,"href":"https:\/\/j-ferreira.pt\/en\/wp-json\/wp\/v2\/product_tag?post=3511"}],"curies":[{"name":"wp","href":"https:\/\/api.w.org\/{rel}","templated":true}]}}