{"id":3429,"date":"2024-12-13T17:35:53","date_gmt":"2024-12-13T17:35:53","guid":{"rendered":"https:\/\/j-ferreira.pt\/?post_type=product&#038;p=3429"},"modified":"2026-04-07T16:46:12","modified_gmt":"2026-04-07T16:46:12","slug":"casaco-jf-sponsors","status":"publish","type":"product","link":"https:\/\/j-ferreira.pt\/en\/product\/casaco-jf-sponsors\/","title":{"rendered":"Casaco JF Sponsors"},"content":{"rendered":"<p><strong>Delivery time: 9 to 14 business days<\/strong><\/p>\n<p class=\"p1\">O casaco oficial Jo\u00e3o Ferreira que te far\u00e1 sentir parte da competi\u00e7\u00e3o. Uma pe\u00e7a exclusiva da nova cole\u00e7\u00e3o Sponsors que combina estilo, conforto e a paix\u00e3o pelo TT.<\/p>\n<p class=\"p1\">O design vers\u00e1til e o toque desportivo fazem deste casaco a escolha perfeita para o dia a dia ou para demonstrares o teu apoio nas provas mesmo nos dias mais frios.<\/p>\n<p class=\"p1\"><strong><br \/>\nFeatures:<\/strong><\/p>\n<p class=\"p1\">&#8211;<span class=\"Apple-converted-space\">\u00a0 <\/span>50% algod\u00e3o, 50% poli\u00e9ster;<\/p>\n<p class=\"p1\">&#8211; Dois bolsos laterais;<\/p>\n<p class=\"p1\">&#8211; Fecho inserido com cursor e puxador;<\/p>\n<p class=\"p1\">&#8211; Capuz forrado com cord\u00e3o de aperto \u00e0 cor;<\/p>\n<p class=\"p1\">&#8211; Interior cardado.<\/p>\n<p>&nbsp;<\/p>\n<p>&nbsp;<\/p>\n<p><strong>Men's Size Guide:<\/strong><\/p>\n<table class=\"tiptap-table\">\n<tbody>\n<tr>\n<td colspan=\"1\" rowspan=\"1\"><strong>Size<\/strong><\/td>\n<td colspan=\"1\" rowspan=\"1\"><strong>Height (cm)<\/strong><\/td>\n<td colspan=\"1\" rowspan=\"1\"><strong>Width (cm)<\/strong><\/td>\n<\/tr>\n<tr>\n<td colspan=\"1\" rowspan=\"1\">S<\/td>\n<td colspan=\"1\" rowspan=\"1\">70<\/td>\n<td colspan=\"1\" rowspan=\"1\">52<\/td>\n<\/tr>\n<tr>\n<td colspan=\"1\" rowspan=\"1\">M<\/td>\n<td colspan=\"1\" rowspan=\"1\">72<\/td>\n<td colspan=\"1\" rowspan=\"1\">55<\/td>\n<\/tr>\n<tr>\n<td colspan=\"1\" rowspan=\"1\">L<\/td>\n<td colspan=\"1\" rowspan=\"1\">74<\/td>\n<td colspan=\"1\" rowspan=\"1\">58<\/td>\n<\/tr>\n<tr>\n<td colspan=\"1\" rowspan=\"1\">XL<\/td>\n<td colspan=\"1\" rowspan=\"1\">76<\/td>\n<td colspan=\"1\" rowspan=\"1\">61<\/td>\n<\/tr>\n<tr>\n<td colspan=\"1\" rowspan=\"1\">XXL<\/td>\n<td colspan=\"1\" rowspan=\"1\">78<\/td>\n<td colspan=\"1\" rowspan=\"1\">64<\/td>\n<\/tr>\n<tr>\n<td colspan=\"1\" rowspan=\"1\">3XL<\/td>\n<td colspan=\"1\" rowspan=\"1\">80<\/td>\n<td colspan=\"1\" rowspan=\"1\">67<\/td>\n<\/tr>\n<tr>\n<td colspan=\"1\" rowspan=\"1\">4XL<\/td>\n<td colspan=\"1\" rowspan=\"1\">82<\/td>\n<td colspan=\"1\" rowspan=\"1\">70<\/td>\n<\/tr>\n<tr>\n<td colspan=\"1\" rowspan=\"1\">5XL<\/td>\n<td colspan=\"1\" rowspan=\"1\">84<\/td>\n<td colspan=\"1\" rowspan=\"1\">73<\/td>\n<\/tr>\n<\/tbody>\n<\/table>\n<p><strong><br \/>\nWomen's Size Guide:<br \/>\n<\/strong><\/p>\n<table class=\"tiptap-table\" style=\"height: 185px;\" width=\"307\">\n<tbody>\n<tr>\n<td colspan=\"1\" rowspan=\"1\"><strong>Size<\/strong><\/td>\n<td colspan=\"1\" rowspan=\"1\"><strong>Height (cm)<\/strong><\/td>\n<td colspan=\"1\" rowspan=\"1\"><strong>Width (cm)<\/strong><\/td>\n<\/tr>\n<tr>\n<td colspan=\"1\" rowspan=\"1\">S<\/td>\n<td colspan=\"1\" rowspan=\"1\">64<\/td>\n<td colspan=\"1\" rowspan=\"1\">46<\/td>\n<\/tr>\n<tr>\n<td colspan=\"1\" rowspan=\"1\">M<\/td>\n<td colspan=\"1\" rowspan=\"1\">66<\/td>\n<td colspan=\"1\" rowspan=\"1\">49<\/td>\n<\/tr>\n<tr>\n<td colspan=\"1\" rowspan=\"1\">L<\/td>\n<td colspan=\"1\" rowspan=\"1\">68<\/td>\n<td colspan=\"1\" rowspan=\"1\">52<\/td>\n<\/tr>\n<tr>\n<td colspan=\"1\" rowspan=\"1\">XL<\/td>\n<td colspan=\"1\" rowspan=\"1\">70<\/td>\n<td colspan=\"1\" rowspan=\"1\">55<\/td>\n<\/tr>\n<tr>\n<td colspan=\"1\" rowspan=\"1\">XXL<\/td>\n<td colspan=\"1\" rowspan=\"1\">72<\/td>\n<td colspan=\"1\" rowspan=\"1\">58<\/td>\n<\/tr>\n<\/tbody>\n<\/table>\n<p>&nbsp;<\/p>\n<p><strong>Children's Size Guide:<\/strong><\/p>\n<table class=\"tiptap-table\" style=\"height: 185px;\" width=\"307\">\n<tbody>\n<tr>\n<td colspan=\"1\" rowspan=\"1\"><strong>Size<\/strong><\/td>\n<td colspan=\"1\" rowspan=\"1\"><strong>Height (cm)<\/strong><\/td>\n<td colspan=\"1\" rowspan=\"1\"><strong>Width (cm)<\/strong><\/td>\n<\/tr>\n<tr>\n<td colspan=\"1\" rowspan=\"1\">2A<\/td>\n<td colspan=\"1\" rowspan=\"1\">41<\/td>\n<td colspan=\"1\" rowspan=\"1\">37,5<\/td>\n<\/tr>\n<tr>\n<td colspan=\"1\" rowspan=\"1\">4A<\/td>\n<td colspan=\"1\" rowspan=\"1\">44<\/td>\n<td colspan=\"1\" rowspan=\"1\">39,5<\/td>\n<\/tr>\n<tr>\n<td colspan=\"1\" rowspan=\"1\">6A<\/td>\n<td colspan=\"1\" rowspan=\"1\">47<\/td>\n<td colspan=\"1\" rowspan=\"1\">41,5<\/td>\n<\/tr>\n<tr>\n<td colspan=\"1\" rowspan=\"1\">8A<\/td>\n<td colspan=\"1\" rowspan=\"1\">51<\/td>\n<td colspan=\"1\" rowspan=\"1\">43,5<\/td>\n<\/tr>\n<tr>\n<td colspan=\"1\" rowspan=\"1\">10A<\/td>\n<td colspan=\"1\" rowspan=\"1\">55<\/td>\n<td colspan=\"1\" rowspan=\"1\">46,5<\/td>\n<\/tr>\n<tr>\n<td colspan=\"1\" rowspan=\"1\">12A<\/td>\n<td colspan=\"1\" rowspan=\"1\">58,5<\/td>\n<td colspan=\"1\" rowspan=\"1\">48,5<\/td>\n<\/tr>\n<\/tbody>\n<\/table>","protected":false},"excerpt":{"rendered":"<p>Prazo de entrega: 9 a 14 dias \u00fateis O casaco oficial Jo\u00e3o Ferreira que te far\u00e1 sentir parte da competi\u00e7\u00e3o. Uma pe\u00e7a exclusiva da nova cole\u00e7\u00e3o Sponsors que combina estilo, conforto e a paix\u00e3o pelo TT. O design vers\u00e1til e o toque desportivo fazem deste casaco a escolha perfeita para o dia a dia ou [&hellip;]<\/p>","protected":false},"featured_media":4463,"template":"","meta":[],"product_brand":[],"product_cat":[46,36],"product_tag":[],"class_list":{"0":"post-3429","1":"product","2":"type-product","3":"status-publish","4":"has-post-thumbnail","6":"product_cat-casacos","7":"product_cat-sponsors","9":"first","10":"instock","11":"featured","12":"taxable","13":"shipping-taxable","14":"purchasable","15":"product-type-variable"},"_links":{"self":[{"href":"https:\/\/j-ferreira.pt\/en\/wp-json\/wp\/v2\/product\/3429","targetHints":{"allow":["GET"]}}],"collection":[{"href":"https:\/\/j-ferreira.pt\/en\/wp-json\/wp\/v2\/product"}],"about":[{"href":"https:\/\/j-ferreira.pt\/en\/wp-json\/wp\/v2\/types\/product"}],"wp:featuredmedia":[{"embeddable":true,"href":"https:\/\/j-ferreira.pt\/en\/wp-json\/wp\/v2\/media\/4463"}],"wp:attachment":[{"href":"https:\/\/j-ferreira.pt\/en\/wp-json\/wp\/v2\/media?parent=3429"}],"wp:term":[{"taxonomy":"product_brand","embeddable":true,"href":"https:\/\/j-ferreira.pt\/en\/wp-json\/wp\/v2\/product_brand?post=3429"},{"taxonomy":"product_cat","embeddable":true,"href":"https:\/\/j-ferreira.pt\/en\/wp-json\/wp\/v2\/product_cat?post=3429"},{"taxonomy":"product_tag","embeddable":true,"href":"https:\/\/j-ferreira.pt\/en\/wp-json\/wp\/v2\/product_tag?post=3429"}],"curies":[{"name":"wp","href":"https:\/\/api.w.org\/{rel}","templated":true}]}}