{"id":1877,"date":"2024-09-26T11:30:37","date_gmt":"2024-09-26T11:30:37","guid":{"rendered":"https:\/\/j-ferreira.pt\/?post_type=product&#038;p=1877"},"modified":"2026-04-07T09:53:45","modified_gmt":"2026-04-07T09:53:45","slug":"t-shirt-jf-signature","status":"publish","type":"product","link":"https:\/\/j-ferreira.pt\/en\/product\/t-shirt-jf-signature\/","title":{"rendered":"T-shirt JF Signature"},"content":{"rendered":"<p><strong>Delivery time: 6 to 9 business days<\/strong><\/p>\n<p>The Official Jo\u00e3o Ferreira T-shirt from the Signature Collection. A collector's item that combines comfort, style, and the thrill of motorsport.<\/p>\n<p>O estilo descontra\u00eddo e o material dur\u00e1vel tornam esta t-shirt ideal para utilizar no dia a dia, ou em competi\u00e7\u00f5es, para demonstrares todo o teu apoio.<\/p>\n<p class=\" translation-block\"><strong>Features:<\/strong><br> \u2013 100% cotton jersey fabric;<br> \u2013 Combed cotton yarn;<br> \u2013 1x1 ribbed collar (man and child);<br> \u2013 Fine double jersey collar (woman);<br> \u2013 Jersey reinforcement tape (man and child);<br> \u2013 Satin reinforcement tape inside the collar (woman);<br> \u2013 Double stitching on sleeves and lower area.<strong><br> <\/strong><\/p>\n<p><strong>Men's Size Guide:<br \/>\n<\/strong><\/p>\n<table class=\"tiptap-table\" style=\"height: 185px\" width=\"307\">\n<tbody>\n<tr>\n<td colspan=\"1\" rowspan=\"1\"><strong>Size<\/strong><\/td>\n<td colspan=\"1\" rowspan=\"1\"><strong>Height (cm)<\/strong><\/td>\n<td colspan=\"1\" rowspan=\"1\"><strong>Width (cm)<\/strong><\/td>\n<\/tr>\n<tr>\n<td colspan=\"1\" rowspan=\"1\">S<\/td>\n<td colspan=\"1\" rowspan=\"1\">69<\/td>\n<td colspan=\"1\" rowspan=\"1\">50<\/td>\n<\/tr>\n<tr>\n<td colspan=\"1\" rowspan=\"1\">M<\/td>\n<td colspan=\"1\" rowspan=\"1\">72<\/td>\n<td colspan=\"1\" rowspan=\"1\">53<\/td>\n<\/tr>\n<tr>\n<td colspan=\"1\" rowspan=\"1\">L<\/td>\n<td colspan=\"1\" rowspan=\"1\">74<\/td>\n<td colspan=\"1\" rowspan=\"1\">56<\/td>\n<\/tr>\n<tr>\n<td colspan=\"1\" rowspan=\"1\">XL<\/td>\n<td colspan=\"1\" rowspan=\"1\">76<\/td>\n<td colspan=\"1\" rowspan=\"1\">59<\/td>\n<\/tr>\n<tr>\n<td colspan=\"1\" rowspan=\"1\">XXL<\/td>\n<td colspan=\"1\" rowspan=\"1\">79<\/td>\n<td colspan=\"1\" rowspan=\"1\">62<\/td>\n<\/tr>\n<tr>\n<td colspan=\"1\" rowspan=\"1\">3XL<\/td>\n<td colspan=\"1\" rowspan=\"1\">82<\/td>\n<td colspan=\"1\" rowspan=\"1\">65<\/td>\n<\/tr>\n<tr>\n<td colspan=\"1\" rowspan=\"1\">4XL<\/td>\n<td colspan=\"1\" rowspan=\"1\">85<\/td>\n<td colspan=\"1\" rowspan=\"1\">68<\/td>\n<\/tr>\n<tr>\n<td colspan=\"1\" rowspan=\"1\">5XL<\/td>\n<td colspan=\"1\" rowspan=\"1\">88<\/td>\n<td colspan=\"1\" rowspan=\"1\">71<\/td>\n<\/tr>\n<\/tbody>\n<\/table>\n<p>&nbsp;<\/p>\n<p><strong>Women's Size Guide:<\/strong><\/p>\n<table class=\"tiptap-table\" style=\"height: 184px\" width=\"306\">\n<tbody>\n<tr>\n<td colspan=\"1\" rowspan=\"1\"><strong>Size<\/strong><\/td>\n<td colspan=\"1\" rowspan=\"1\"><strong>Height (cm)<\/strong><\/td>\n<td colspan=\"1\" rowspan=\"1\"><strong>Width (cm)<\/strong><\/td>\n<\/tr>\n<tr>\n<td colspan=\"1\" rowspan=\"1\">S<\/td>\n<td colspan=\"1\" rowspan=\"1\">41<\/td>\n<td colspan=\"1\" rowspan=\"1\">62<\/td>\n<\/tr>\n<tr>\n<td colspan=\"1\" rowspan=\"1\">M<\/td>\n<td colspan=\"1\" rowspan=\"1\">44<\/td>\n<td colspan=\"1\" rowspan=\"1\">64<\/td>\n<\/tr>\n<tr>\n<td colspan=\"1\" rowspan=\"1\">L<\/td>\n<td colspan=\"1\" rowspan=\"1\">47<\/td>\n<td colspan=\"1\" rowspan=\"1\">66<\/td>\n<\/tr>\n<tr>\n<td colspan=\"1\" rowspan=\"1\">XL<\/td>\n<td colspan=\"1\" rowspan=\"1\">50<\/td>\n<td colspan=\"1\" rowspan=\"1\">68<\/td>\n<\/tr>\n<tr>\n<td colspan=\"1\" rowspan=\"1\">XXL<\/td>\n<td colspan=\"1\" rowspan=\"1\">53<\/td>\n<td colspan=\"1\" rowspan=\"1\">70<\/td>\n<\/tr>\n<\/tbody>\n<\/table>\n<p>&nbsp;<\/p>\n<p><strong>Children's Size Guide:<\/strong><\/p>\n<table class=\"tiptap-table\" style=\"height: 184px\" width=\"306\">\n<tbody>\n<tr>\n<td colspan=\"1\" rowspan=\"1\"><strong>Size<\/strong><\/td>\n<td colspan=\"1\" rowspan=\"1\"><strong>Height (cm)<\/strong><\/td>\n<td colspan=\"1\" rowspan=\"1\"><strong>Width (cm)<\/strong><\/td>\n<\/tr>\n<tr>\n<td colspan=\"1\" rowspan=\"1\">2<\/td>\n<td colspan=\"1\" rowspan=\"1\">31<\/td>\n<td colspan=\"1\" rowspan=\"1\">42<\/td>\n<\/tr>\n<tr>\n<td colspan=\"1\" rowspan=\"1\">4<\/td>\n<td colspan=\"1\" rowspan=\"1\">34<\/td>\n<td colspan=\"1\" rowspan=\"1\">45<\/td>\n<\/tr>\n<tr>\n<td colspan=\"1\" rowspan=\"1\">6<\/td>\n<td colspan=\"1\" rowspan=\"1\">37<\/td>\n<td colspan=\"1\" rowspan=\"1\">48<\/td>\n<\/tr>\n<tr>\n<td colspan=\"1\" rowspan=\"1\">8<\/td>\n<td colspan=\"1\" rowspan=\"1\">40<\/td>\n<td colspan=\"1\" rowspan=\"1\">51<\/td>\n<\/tr>\n<tr>\n<td colspan=\"1\" rowspan=\"1\">10<\/td>\n<td colspan=\"1\" rowspan=\"1\">43<\/td>\n<td colspan=\"1\" rowspan=\"1\">55<\/td>\n<\/tr>\n<tr>\n<td colspan=\"1\" rowspan=\"1\">12<\/td>\n<td colspan=\"1\" rowspan=\"1\">46<\/td>\n<td colspan=\"1\" rowspan=\"1\">59<\/td>\n<\/tr>\n<\/tbody>\n<\/table>\n<p>&nbsp;<\/p>","protected":false},"excerpt":{"rendered":"<p>&nbsp;<\/p>\n<p>&nbsp;<\/p>","protected":false},"featured_media":1147,"template":"","meta":[],"product_brand":[],"product_cat":[37,24],"product_tag":[],"class_list":{"0":"post-1877","1":"product","2":"type-product","3":"status-publish","4":"has-post-thumbnail","6":"product_cat-signature","7":"product_cat-t-shirts","9":"first","10":"instock","11":"taxable","12":"shipping-taxable","13":"purchasable","14":"product-type-variable"},"_links":{"self":[{"href":"https:\/\/j-ferreira.pt\/en\/wp-json\/wp\/v2\/product\/1877","targetHints":{"allow":["GET"]}}],"collection":[{"href":"https:\/\/j-ferreira.pt\/en\/wp-json\/wp\/v2\/product"}],"about":[{"href":"https:\/\/j-ferreira.pt\/en\/wp-json\/wp\/v2\/types\/product"}],"wp:featuredmedia":[{"embeddable":true,"href":"https:\/\/j-ferreira.pt\/en\/wp-json\/wp\/v2\/media\/1147"}],"wp:attachment":[{"href":"https:\/\/j-ferreira.pt\/en\/wp-json\/wp\/v2\/media?parent=1877"}],"wp:term":[{"taxonomy":"product_brand","embeddable":true,"href":"https:\/\/j-ferreira.pt\/en\/wp-json\/wp\/v2\/product_brand?post=1877"},{"taxonomy":"product_cat","embeddable":true,"href":"https:\/\/j-ferreira.pt\/en\/wp-json\/wp\/v2\/product_cat?post=1877"},{"taxonomy":"product_tag","embeddable":true,"href":"https:\/\/j-ferreira.pt\/en\/wp-json\/wp\/v2\/product_tag?post=1877"}],"curies":[{"name":"wp","href":"https:\/\/api.w.org\/{rel}","templated":true}]}}