{"id":1768,"date":"2024-09-27T08:00:09","date_gmt":"2024-09-27T08:00:09","guid":{"rendered":"https:\/\/j-ferreira.pt\/?post_type=product&#038;p=1768"},"modified":"2026-04-28T06:38:11","modified_gmt":"2026-04-28T06:38:11","slug":"t-shirt-jf-sponsors","status":"publish","type":"product","link":"https:\/\/j-ferreira.pt\/en\/product\/t-shirt-jf-sponsors\/","title":{"rendered":"T-shirt JF Sponsors"},"content":{"rendered":"<p><strong>Delivery time: 6 to 9 business days<\/strong><\/p>\n<p>A nova t-shirt oficial Jo\u00e3o Ferreira que te far\u00e1 sentir parte da competi\u00e7\u00e3o. Uma pe\u00e7a exclusiva da cole\u00e7\u00e3o Sponsors que combina estilo, conforto e a paix\u00e3o pelo TT.<\/p>\n<p>With its versatile design and sporty touch, this t-shirt is perfect for everyday wear or for showing your support during competitions.<\/p>\n<p class=\" translation-block\"><strong>Features:<\/strong><br> \u2013 100% cotton jersey fabric;<br> \u2013 Combed cotton yarn;<br> \u2013 1x1 ribbed collar (man and child);<br> \u2013 Fine double jersey collar (woman);<br> \u2013 Jersey reinforcement tape (man and child);<br> \u2013 Satin reinforcement tape inside the collar (woman);<br> \u2013 Double stitching on sleeves and lower area.<strong><br> <\/strong><\/p>\n<p><strong>Men's Size Guide:<br \/>\n<\/strong><\/p>\n<table class=\"tiptap-table\" style=\"height: 185px\" width=\"307\">\n<tbody>\n<tr>\n<td colspan=\"1\" rowspan=\"1\"><strong>Size<\/strong><\/td>\n<td colspan=\"1\" rowspan=\"1\"><strong>Height (cm)<\/strong><\/td>\n<td colspan=\"1\" rowspan=\"1\"><strong>Width (cm)<\/strong><\/td>\n<\/tr>\n<tr>\n<td colspan=\"1\" rowspan=\"1\">S<\/td>\n<td colspan=\"1\" rowspan=\"1\">69<\/td>\n<td colspan=\"1\" rowspan=\"1\">50<\/td>\n<\/tr>\n<tr>\n<td colspan=\"1\" rowspan=\"1\">M<\/td>\n<td colspan=\"1\" rowspan=\"1\">72<\/td>\n<td colspan=\"1\" rowspan=\"1\">53<\/td>\n<\/tr>\n<tr>\n<td colspan=\"1\" rowspan=\"1\">L<\/td>\n<td colspan=\"1\" rowspan=\"1\">74<\/td>\n<td colspan=\"1\" rowspan=\"1\">56<\/td>\n<\/tr>\n<tr>\n<td colspan=\"1\" rowspan=\"1\">XL<\/td>\n<td colspan=\"1\" rowspan=\"1\">76<\/td>\n<td colspan=\"1\" rowspan=\"1\">59<\/td>\n<\/tr>\n<tr>\n<td colspan=\"1\" rowspan=\"1\">XXL<\/td>\n<td colspan=\"1\" rowspan=\"1\">79<\/td>\n<td colspan=\"1\" rowspan=\"1\">62<\/td>\n<\/tr>\n<tr>\n<td colspan=\"1\" rowspan=\"1\">3XL<\/td>\n<td colspan=\"1\" rowspan=\"1\">82<\/td>\n<td colspan=\"1\" rowspan=\"1\">65<\/td>\n<\/tr>\n<tr>\n<td colspan=\"1\" rowspan=\"1\">4XL<\/td>\n<td colspan=\"1\" rowspan=\"1\">85<\/td>\n<td colspan=\"1\" rowspan=\"1\">68<\/td>\n<\/tr>\n<tr>\n<td colspan=\"1\" rowspan=\"1\">5XL<\/td>\n<td colspan=\"1\" rowspan=\"1\">88<\/td>\n<td colspan=\"1\" rowspan=\"1\">71<\/td>\n<\/tr>\n<\/tbody>\n<\/table>\n<p>&nbsp;<\/p>\n<p><strong>Women's Size Guide:<\/strong><\/p>\n<table class=\"tiptap-table\" style=\"height: 184px\" width=\"306\">\n<tbody>\n<tr>\n<td colspan=\"1\" rowspan=\"1\"><strong>Size<\/strong><\/td>\n<td colspan=\"1\" rowspan=\"1\"><strong>Height (cm)<\/strong><\/td>\n<td colspan=\"1\" rowspan=\"1\"><strong>Width (cm)<\/strong><\/td>\n<\/tr>\n<tr>\n<td colspan=\"1\" rowspan=\"1\">S<\/td>\n<td colspan=\"1\" rowspan=\"1\">41<\/td>\n<td colspan=\"1\" rowspan=\"1\">62<\/td>\n<\/tr>\n<tr>\n<td colspan=\"1\" rowspan=\"1\">M<\/td>\n<td colspan=\"1\" rowspan=\"1\">44<\/td>\n<td colspan=\"1\" rowspan=\"1\">64<\/td>\n<\/tr>\n<tr>\n<td colspan=\"1\" rowspan=\"1\">L<\/td>\n<td colspan=\"1\" rowspan=\"1\">47<\/td>\n<td colspan=\"1\" rowspan=\"1\">66<\/td>\n<\/tr>\n<tr>\n<td colspan=\"1\" rowspan=\"1\">XL<\/td>\n<td colspan=\"1\" rowspan=\"1\">50<\/td>\n<td colspan=\"1\" rowspan=\"1\">68<\/td>\n<\/tr>\n<tr>\n<td colspan=\"1\" rowspan=\"1\">XXL<\/td>\n<td colspan=\"1\" rowspan=\"1\">53<\/td>\n<td colspan=\"1\" rowspan=\"1\">70<\/td>\n<\/tr>\n<\/tbody>\n<\/table>\n<p>&nbsp;<\/p>\n<p><strong>Children's Size Guide:<\/strong><\/p>\n<table class=\"tiptap-table\" style=\"height: 184px\" width=\"306\">\n<tbody>\n<tr>\n<td colspan=\"1\" rowspan=\"1\"><strong>Size<\/strong><\/td>\n<td colspan=\"1\" rowspan=\"1\"><strong>Height (cm)<\/strong><\/td>\n<td colspan=\"1\" rowspan=\"1\"><strong>Width (cm)<\/strong><\/td>\n<\/tr>\n<tr>\n<td colspan=\"1\" rowspan=\"1\">2<\/td>\n<td colspan=\"1\" rowspan=\"1\">31<\/td>\n<td colspan=\"1\" rowspan=\"1\">42<\/td>\n<\/tr>\n<tr>\n<td colspan=\"1\" rowspan=\"1\">4<\/td>\n<td colspan=\"1\" rowspan=\"1\">34<\/td>\n<td colspan=\"1\" rowspan=\"1\">45<\/td>\n<\/tr>\n<tr>\n<td colspan=\"1\" rowspan=\"1\">6<\/td>\n<td colspan=\"1\" rowspan=\"1\">37<\/td>\n<td colspan=\"1\" rowspan=\"1\">48<\/td>\n<\/tr>\n<tr>\n<td colspan=\"1\" rowspan=\"1\">8<\/td>\n<td colspan=\"1\" rowspan=\"1\">40<\/td>\n<td colspan=\"1\" rowspan=\"1\">51<\/td>\n<\/tr>\n<tr>\n<td colspan=\"1\" rowspan=\"1\">10<\/td>\n<td colspan=\"1\" rowspan=\"1\">43<\/td>\n<td colspan=\"1\" rowspan=\"1\">55<\/td>\n<\/tr>\n<tr>\n<td colspan=\"1\" rowspan=\"1\">12<\/td>\n<td colspan=\"1\" rowspan=\"1\">46<\/td>\n<td colspan=\"1\" rowspan=\"1\">59<\/td>\n<\/tr>\n<\/tbody>\n<\/table>\n<p>&nbsp;<\/p>\n<p>&nbsp;<\/p>","protected":false},"excerpt":{"rendered":"<p>Prazo de entrega: 6 a 9 dias \u00fateis A nova t-shirt oficial Jo\u00e3o Ferreira que te far\u00e1 sentir parte da competi\u00e7\u00e3o. Uma pe\u00e7a exclusiva da cole\u00e7\u00e3o Sponsors que combina estilo, conforto e a paix\u00e3o pelo TT. O design vers\u00e1til e o toque desportivo fazem desta t-shirt a escolha perfeita para o dia a dia ou [&hellip;]<\/p>","protected":false},"featured_media":4460,"template":"","meta":[],"product_brand":[],"product_cat":[36,24],"product_tag":[],"class_list":{"0":"post-1768","1":"product","2":"type-product","3":"status-publish","4":"has-post-thumbnail","6":"product_cat-sponsors","7":"product_cat-t-shirts","9":"first","10":"instock","11":"featured","12":"taxable","13":"shipping-taxable","14":"purchasable","15":"product-type-variable"},"_links":{"self":[{"href":"https:\/\/j-ferreira.pt\/en\/wp-json\/wp\/v2\/product\/1768","targetHints":{"allow":["GET"]}}],"collection":[{"href":"https:\/\/j-ferreira.pt\/en\/wp-json\/wp\/v2\/product"}],"about":[{"href":"https:\/\/j-ferreira.pt\/en\/wp-json\/wp\/v2\/types\/product"}],"wp:featuredmedia":[{"embeddable":true,"href":"https:\/\/j-ferreira.pt\/en\/wp-json\/wp\/v2\/media\/4460"}],"wp:attachment":[{"href":"https:\/\/j-ferreira.pt\/en\/wp-json\/wp\/v2\/media?parent=1768"}],"wp:term":[{"taxonomy":"product_brand","embeddable":true,"href":"https:\/\/j-ferreira.pt\/en\/wp-json\/wp\/v2\/product_brand?post=1768"},{"taxonomy":"product_cat","embeddable":true,"href":"https:\/\/j-ferreira.pt\/en\/wp-json\/wp\/v2\/product_cat?post=1768"},{"taxonomy":"product_tag","embeddable":true,"href":"https:\/\/j-ferreira.pt\/en\/wp-json\/wp\/v2\/product_tag?post=1768"}],"curies":[{"name":"wp","href":"https:\/\/api.w.org\/{rel}","templated":true}]}}