{"id":1696,"date":"2024-09-23T11:38:39","date_gmt":"2024-09-23T11:38:39","guid":{"rendered":"https:\/\/j-ferreira.pt\/?post_type=product&#038;p=1696"},"modified":"2026-04-07T09:53:33","modified_gmt":"2026-04-07T09:53:33","slug":"hoodie-jf-sponsors","status":"publish","type":"product","link":"https:\/\/j-ferreira.pt\/en\/product\/hoodie-jf-sponsors\/","title":{"rendered":"Hoodie JF Sponsors"},"content":{"rendered":"<p><strong>Delivery time: 9 to 14 business days<\/strong><\/p>\n<p class=\"p1\">O hoodie oficial Jo\u00e3o Ferreira que te far\u00e1 sentir parte da competi\u00e7\u00e3o. Uma pe\u00e7a exclusiva da nova cole\u00e7\u00e3o Sponsors que combina estilo, conforto e a paix\u00e3o pelo TT.<\/p>\n<p class=\"p1\">With its versatile design and sporty touch, this hoodie is perfect for everyday wear or for showing your support during competitions.<br \/>\n<strong><br \/>\nFeatures:<\/strong><\/p>\n<p>\u2013 65% cotton, 35% polyester;<\/p>\n<p>\u2013 Front pocket;<\/p>\n<p>\u2013 Matching flat drawstrings;<\/p>\n<p>\u2013 3-panel hood.<\/p>\n<p>&nbsp;<\/p>\n<p><strong>Guia de tamanhos Adulto:<\/strong><\/p>\n<table class=\"tiptap-table\">\n<tbody>\n<tr>\n<td colspan=\"1\" rowspan=\"1\"><strong>Size<\/strong><\/td>\n<td colspan=\"1\" rowspan=\"1\"><strong>Height (cm)<\/strong><\/td>\n<td colspan=\"1\" rowspan=\"1\"><strong>Width (cm)<\/strong><\/td>\n<\/tr>\n<tr>\n<td colspan=\"1\" rowspan=\"1\">XS<\/td>\n<td colspan=\"1\" rowspan=\"1\">64<\/td>\n<td colspan=\"1\" rowspan=\"1\">49<\/td>\n<\/tr>\n<tr>\n<td colspan=\"1\" rowspan=\"1\">S<\/td>\n<td colspan=\"1\" rowspan=\"1\">66<\/td>\n<td colspan=\"1\" rowspan=\"1\">52<\/td>\n<\/tr>\n<tr>\n<td colspan=\"1\" rowspan=\"1\">M<\/td>\n<td colspan=\"1\" rowspan=\"1\">68<\/td>\n<td colspan=\"1\" rowspan=\"1\">55<\/td>\n<\/tr>\n<tr>\n<td colspan=\"1\" rowspan=\"1\">L<\/td>\n<td colspan=\"1\" rowspan=\"1\">70<\/td>\n<td colspan=\"1\" rowspan=\"1\">58<\/td>\n<\/tr>\n<tr>\n<td colspan=\"1\" rowspan=\"1\">XL<\/td>\n<td colspan=\"1\" rowspan=\"1\">72<\/td>\n<td colspan=\"1\" rowspan=\"1\">61<\/td>\n<\/tr>\n<tr>\n<td colspan=\"1\" rowspan=\"1\">XXL<\/td>\n<td colspan=\"1\" rowspan=\"1\">74<\/td>\n<td colspan=\"1\" rowspan=\"1\">64<\/td>\n<\/tr>\n<tr>\n<td colspan=\"1\" rowspan=\"1\">3XL<\/td>\n<td colspan=\"1\" rowspan=\"1\">76<\/td>\n<td colspan=\"1\" rowspan=\"1\">67<\/td>\n<\/tr>\n<tr>\n<td colspan=\"1\" rowspan=\"1\">4XL<\/td>\n<td colspan=\"1\" rowspan=\"1\">78<\/td>\n<td colspan=\"1\" rowspan=\"1\">70<\/td>\n<\/tr>\n<tr>\n<td colspan=\"1\" rowspan=\"1\">5XL<\/td>\n<td colspan=\"1\" rowspan=\"1\">80<\/td>\n<td colspan=\"1\" rowspan=\"1\">73<\/td>\n<\/tr>\n<\/tbody>\n<\/table>\n<p>&nbsp;<\/p>\n<p>&nbsp;<\/p>\n<p><strong>Children's Size Guide:<\/strong><\/p>\n<table class=\"tiptap-table\">\n<tbody>\n<tr>\n<td colspan=\"1\" rowspan=\"1\"><strong>Size<\/strong><\/td>\n<td colspan=\"1\" rowspan=\"1\"><strong>Height (cm)<\/strong><\/td>\n<td colspan=\"1\" rowspan=\"1\"><strong>Width (cm)<\/strong><\/td>\n<\/tr>\n<tr>\n<td colspan=\"1\" rowspan=\"1\">2<\/td>\n<td colspan=\"1\" rowspan=\"1\">41<\/td>\n<td colspan=\"1\" rowspan=\"1\">37,5<\/td>\n<\/tr>\n<tr>\n<td colspan=\"1\" rowspan=\"1\">4<\/td>\n<td colspan=\"1\" rowspan=\"1\">44<\/td>\n<td colspan=\"1\" rowspan=\"1\">39,5<\/td>\n<\/tr>\n<tr>\n<td colspan=\"1\" rowspan=\"1\">6<\/td>\n<td colspan=\"1\" rowspan=\"1\">47<\/td>\n<td colspan=\"1\" rowspan=\"1\">41,5<\/td>\n<\/tr>\n<tr>\n<td colspan=\"1\" rowspan=\"1\">8<\/td>\n<td colspan=\"1\" rowspan=\"1\">51<\/td>\n<td colspan=\"1\" rowspan=\"1\">43,5<\/td>\n<\/tr>\n<tr>\n<td colspan=\"1\" rowspan=\"1\">10<\/td>\n<td colspan=\"1\" rowspan=\"1\">55<\/td>\n<td colspan=\"1\" rowspan=\"1\">46,5<\/td>\n<\/tr>\n<tr>\n<td colspan=\"1\" rowspan=\"1\">12<\/td>\n<td colspan=\"1\" rowspan=\"1\">58,5<\/td>\n<td colspan=\"1\" rowspan=\"1\">48,5<\/td>\n<\/tr>\n<\/tbody>\n<\/table>","protected":false},"excerpt":{"rendered":"<p>Prazo de entrega: 9 a 14 dias \u00fateis O hoodie oficial Jo\u00e3o Ferreira que te far\u00e1 sentir parte da competi\u00e7\u00e3o. Uma pe\u00e7a exclusiva da nova cole\u00e7\u00e3o Sponsors que combina estilo, conforto e a paix\u00e3o pelo TT. O design vers\u00e1til e o toque desportivo fazem deste hoodie a escolha perfeita para o dia a dia ou [&hellip;]<\/p>","protected":false},"featured_media":4466,"template":"","meta":[],"product_brand":[],"product_cat":[21,36],"product_tag":[],"class_list":{"0":"post-1696","1":"product","2":"type-product","3":"status-publish","4":"has-post-thumbnail","6":"product_cat-hoodies","7":"product_cat-sponsors","9":"first","10":"instock","11":"featured","12":"taxable","13":"shipping-taxable","14":"purchasable","15":"product-type-variable"},"_links":{"self":[{"href":"https:\/\/j-ferreira.pt\/en\/wp-json\/wp\/v2\/product\/1696","targetHints":{"allow":["GET"]}}],"collection":[{"href":"https:\/\/j-ferreira.pt\/en\/wp-json\/wp\/v2\/product"}],"about":[{"href":"https:\/\/j-ferreira.pt\/en\/wp-json\/wp\/v2\/types\/product"}],"wp:featuredmedia":[{"embeddable":true,"href":"https:\/\/j-ferreira.pt\/en\/wp-json\/wp\/v2\/media\/4466"}],"wp:attachment":[{"href":"https:\/\/j-ferreira.pt\/en\/wp-json\/wp\/v2\/media?parent=1696"}],"wp:term":[{"taxonomy":"product_brand","embeddable":true,"href":"https:\/\/j-ferreira.pt\/en\/wp-json\/wp\/v2\/product_brand?post=1696"},{"taxonomy":"product_cat","embeddable":true,"href":"https:\/\/j-ferreira.pt\/en\/wp-json\/wp\/v2\/product_cat?post=1696"},{"taxonomy":"product_tag","embeddable":true,"href":"https:\/\/j-ferreira.pt\/en\/wp-json\/wp\/v2\/product_tag?post=1696"}],"curies":[{"name":"wp","href":"https:\/\/api.w.org\/{rel}","templated":true}]}}