{"id":1380,"date":"2024-05-01T11:39:34","date_gmt":"2024-05-01T11:39:34","guid":{"rendered":"https:\/\/j-ferreira.pt\/?post_type=product&#038;p=1380"},"modified":"2026-04-07T09:52:21","modified_gmt":"2026-04-07T09:52:21","slug":"garrafa-jf-signature","status":"publish","type":"product","link":"https:\/\/j-ferreira.pt\/en\/product\/garrafa-jf-signature\/","title":{"rendered":"JF Signature Bottle"},"content":{"rendered":"<p><strong>Delivery time: 6 to 9 business days<\/strong><\/p>\n<p>The Official Jo\u00e3o Ferreira Bottle from the Signature Collection. A collector's item that combines practicality, style, and the thrill of motorsport.<\/p>\n<p>With its classic and discreet design, this bottle is perfect for everyday use or for showing your full support during competitions.<\/p>\n<p><strong><br \/>\nFeatures:<\/strong><\/p>\n<p>\u2013 Stainless steel;<\/p>\n<p>\u2013 800ml capacity;<\/p>\n<p>\u2013 Matte finish.<\/p>","protected":false},"excerpt":{"rendered":"<p>Prazo de entrega: 6 a 9 dias \u00fateis Garrafa oficial Jo\u00e3o Ferreira da cole\u00e7\u00e3o Signature. Uma pe\u00e7a de colecionador que combina praticidade, estilo e a adrenalina do automobilismo. O estilo cl\u00e1ssico e discreto tornam esta garrafa ideal para utilizar no dia a dia ou em competi\u00e7\u00f5es, para demonstrares todo o teu apoio. Caracter\u00edsticas: &#8211; A\u00e7o [&hellip;]<\/p>","protected":false},"featured_media":3540,"template":"","meta":[],"product_brand":[],"product_cat":[26,37],"product_tag":[],"class_list":{"0":"post-1380","1":"product","2":"type-product","3":"status-publish","4":"has-post-thumbnail","6":"product_cat-acessorios","7":"product_cat-signature","9":"first","10":"instock","11":"taxable","12":"shipping-taxable","13":"purchasable","14":"product-type-simple"},"_links":{"self":[{"href":"https:\/\/j-ferreira.pt\/en\/wp-json\/wp\/v2\/product\/1380","targetHints":{"allow":["GET"]}}],"collection":[{"href":"https:\/\/j-ferreira.pt\/en\/wp-json\/wp\/v2\/product"}],"about":[{"href":"https:\/\/j-ferreira.pt\/en\/wp-json\/wp\/v2\/types\/product"}],"wp:featuredmedia":[{"embeddable":true,"href":"https:\/\/j-ferreira.pt\/en\/wp-json\/wp\/v2\/media\/3540"}],"wp:attachment":[{"href":"https:\/\/j-ferreira.pt\/en\/wp-json\/wp\/v2\/media?parent=1380"}],"wp:term":[{"taxonomy":"product_brand","embeddable":true,"href":"https:\/\/j-ferreira.pt\/en\/wp-json\/wp\/v2\/product_brand?post=1380"},{"taxonomy":"product_cat","embeddable":true,"href":"https:\/\/j-ferreira.pt\/en\/wp-json\/wp\/v2\/product_cat?post=1380"},{"taxonomy":"product_tag","embeddable":true,"href":"https:\/\/j-ferreira.pt\/en\/wp-json\/wp\/v2\/product_tag?post=1380"}],"curies":[{"name":"wp","href":"https:\/\/api.w.org\/{rel}","templated":true}]}}