{"id":1315,"date":"2024-05-01T10:17:35","date_gmt":"2024-05-01T10:17:35","guid":{"rendered":"https:\/\/j-ferreira.pt\/?post_type=product&#038;p=1315"},"modified":"2026-04-07T16:47:06","modified_gmt":"2026-04-07T16:47:06","slug":"fita-jf-signature-plana","status":"publish","type":"product","link":"https:\/\/j-ferreira.pt\/en\/product\/fita-jf-signature-plana\/","title":{"rendered":"JF Signature Lanyard | Printed"},"content":{"rendered":"<p><strong>Delivery time: 5 to 7 business days<\/strong><\/p>\n<p>The Official Jo\u00e3o Ferreira Lanyard from the Signature Collection. A collector's item that embodies the style and energy of the driver's brand.<\/p>\n<p>The versatility of this lanyard makes it perfect for everyday use or for showing your full support during competitions.<\/p>\n<p><strong><br \/>\nFeatures:<\/strong><\/p>\n<p>\u2013 100% polyester;<\/p>\n<p>\u2013 Metal carabiner.<\/p>\n<p>\u2013 Dimensions: 50x2 cm<\/p>","protected":false},"excerpt":{"rendered":"<p>Prazo de entrega: 5 a 7 dias \u00fateis Fita oficial Jo\u00e3o Ferreira da cole\u00e7\u00e3o Signature. Uma pe\u00e7a de colecionador que traduz o estilo e a energia da marca do piloto. A versatilidade desta fita torna-a ideal para utilizar no dia a dia ou em competi\u00e7\u00f5es, para demonstrares todo o teu apoio. Caracter\u00edsticas: &#8211; 100% poli\u00e9ster; [&hellip;]<\/p>","protected":false},"featured_media":1319,"template":"","meta":[],"product_brand":[],"product_cat":[26,37],"product_tag":[],"class_list":{"0":"post-1315","1":"product","2":"type-product","3":"status-publish","4":"has-post-thumbnail","6":"product_cat-acessorios","7":"product_cat-signature","9":"first","10":"instock","11":"taxable","12":"shipping-taxable","13":"purchasable","14":"product-type-simple"},"_links":{"self":[{"href":"https:\/\/j-ferreira.pt\/en\/wp-json\/wp\/v2\/product\/1315","targetHints":{"allow":["GET"]}}],"collection":[{"href":"https:\/\/j-ferreira.pt\/en\/wp-json\/wp\/v2\/product"}],"about":[{"href":"https:\/\/j-ferreira.pt\/en\/wp-json\/wp\/v2\/types\/product"}],"wp:featuredmedia":[{"embeddable":true,"href":"https:\/\/j-ferreira.pt\/en\/wp-json\/wp\/v2\/media\/1319"}],"wp:attachment":[{"href":"https:\/\/j-ferreira.pt\/en\/wp-json\/wp\/v2\/media?parent=1315"}],"wp:term":[{"taxonomy":"product_brand","embeddable":true,"href":"https:\/\/j-ferreira.pt\/en\/wp-json\/wp\/v2\/product_brand?post=1315"},{"taxonomy":"product_cat","embeddable":true,"href":"https:\/\/j-ferreira.pt\/en\/wp-json\/wp\/v2\/product_cat?post=1315"},{"taxonomy":"product_tag","embeddable":true,"href":"https:\/\/j-ferreira.pt\/en\/wp-json\/wp\/v2\/product_tag?post=1315"}],"curies":[{"name":"wp","href":"https:\/\/api.w.org\/{rel}","templated":true}]}}