{"id":1282,"date":"2024-05-01T10:07:33","date_gmt":"2024-05-01T10:07:33","guid":{"rendered":"https:\/\/j-ferreira.pt\/?post_type=product&#038;p=1282"},"modified":"2026-04-07T09:51:39","modified_gmt":"2026-04-07T09:51:39","slug":"stickers-jf-hilux","status":"publish","type":"product","link":"https:\/\/j-ferreira.pt\/en\/product\/stickers-jf-hilux\/","title":{"rendered":"Autocolantes JF Hilux"},"content":{"rendered":"<p><strong>Delivery time: 5 to 7 business days<\/strong><\/p>\n<p>Autocolantes oficiais Jo\u00e3o Ferreira da cole\u00e7\u00e3o Signature inspirados no seu Hilux.<\/p>\n<p>Show your support by using these stickers on everyday items like laptops, mobile phones, notebooks, and more.<\/p>\n<p><strong><br \/>\nFeatures:<\/strong><\/p>\n<p>\u2013 Adhesive vinyl for greater durability and resistance;<\/p>\n<p>\u2013 Dimensions: 10x15 cm.<\/p>","protected":false},"excerpt":{"rendered":"<p>Prazo de entrega: 5 a 7 dias \u00fateis Autocolantes oficiais Jo\u00e3o Ferreira da cole\u00e7\u00e3o Signature inspirados no seu Hilux. Mostra o teu apoio utilizando estes autocolantes em artigos do dia a dia como port\u00e1teis, telem\u00f3veis, cadernos e tantos outros. Caracter\u00edsticas: &#8211; Vinil autocolante para maior durabilidade e resist\u00eancia. &#8211; Dimens\u00e3o: 10x15cm<\/p>","protected":false},"featured_media":4470,"template":"","meta":[],"product_brand":[],"product_cat":[26,37],"product_tag":[],"class_list":{"0":"post-1282","1":"product","2":"type-product","3":"status-publish","4":"has-post-thumbnail","6":"product_cat-acessorios","7":"product_cat-signature","9":"first","10":"instock","11":"featured","12":"taxable","13":"shipping-taxable","14":"purchasable","15":"product-type-simple"},"_links":{"self":[{"href":"https:\/\/j-ferreira.pt\/en\/wp-json\/wp\/v2\/product\/1282","targetHints":{"allow":["GET"]}}],"collection":[{"href":"https:\/\/j-ferreira.pt\/en\/wp-json\/wp\/v2\/product"}],"about":[{"href":"https:\/\/j-ferreira.pt\/en\/wp-json\/wp\/v2\/types\/product"}],"wp:featuredmedia":[{"embeddable":true,"href":"https:\/\/j-ferreira.pt\/en\/wp-json\/wp\/v2\/media\/4470"}],"wp:attachment":[{"href":"https:\/\/j-ferreira.pt\/en\/wp-json\/wp\/v2\/media?parent=1282"}],"wp:term":[{"taxonomy":"product_brand","embeddable":true,"href":"https:\/\/j-ferreira.pt\/en\/wp-json\/wp\/v2\/product_brand?post=1282"},{"taxonomy":"product_cat","embeddable":true,"href":"https:\/\/j-ferreira.pt\/en\/wp-json\/wp\/v2\/product_cat?post=1282"},{"taxonomy":"product_tag","embeddable":true,"href":"https:\/\/j-ferreira.pt\/en\/wp-json\/wp\/v2\/product_tag?post=1282"}],"curies":[{"name":"wp","href":"https:\/\/api.w.org\/{rel}","templated":true}]}}