{"id":3,"date":"2024-01-04T14:46:38","date_gmt":"2024-01-04T14:46:38","guid":{"rendered":"https:\/\/j-ferreira.pt\/?page_id=3"},"modified":"2025-12-09T10:56:24","modified_gmt":"2025-12-09T10:56:24","slug":"privacy-policy","status":"publish","type":"page","link":"https:\/\/j-ferreira.pt\/en\/privacy-policy\/","title":{"rendered":"Privacy and Cookie Policy"},"content":{"rendered":"<p><\/p>\n\n\n\n<p>A POPDIGIT compromete-se a proteger a privacidade dos seus utilizadores. Esta pol\u00edtica explica como recolhemos, utilizamos, armazenamos e protegemos os seus dados pessoais.<\/p>\n\n\n\n<p>No quadro das suas atividades, a POPDIGIT coloca \u00e0 disposi\u00e7\u00e3o dos seus clientes um servi\u00e7o de com\u00e9rcio eletr\u00f3nico acess\u00edvel a partir do site https:\/\/j-ferreira.pt\/ e, para conseguir prestar este servi\u00e7o, recolhe dados de car\u00e1ter pessoal dos seus clientes\u00a0\u00a0<\/p>\n\n\n\n<p>Esta rubrica tem o objetivo de dar informa\u00e7\u00e3o completa acerca da utiliza\u00e7\u00e3o operada pela POPDIGIT dos dados pessoais dos seus clientes. A POPDIGIT, enquanto respons\u00e1vel pelo tratamento dos dados, compromete-se a respeitar as disposi\u00e7\u00f5es legais do regulamento (UE) n\u00b02016\/679 de 27 abril 2016 relativo \u00e0 prote\u00e7\u00e3o de dados pessoais.<\/p>\n\n\n\n<p>Nos formul\u00e1rios de recolha desses dados pessoais no site o Cliente \u00e9 informado do car\u00e1ter obrigat\u00f3rio ou n\u00e3o da recolha dos dados. No caso de n\u00e3o preencher um dos dados dos campos obrigat\u00f3rios, a POPDIGIT n\u00e3o poder\u00e1 prestar o seu servi\u00e7o.<\/p>\n\n\n\n<p><strong>1. WHO COLLECTS PERSONAL DATA?<\/strong><\/p>\n\n\n\n<p>A entidade respons\u00e1vel pelo tratamento dos dados \u00e9 a Popdigit Lda, com sede na Rua da Carvalha, 570, 2400-441 Leiria, Portugal, registada sob o n\u00famero \u00fanico de pessoa coletiva e fiscal 518 097 293, doravante designada por \u201cPOPDIGIT\u201d.<\/p>\n\n\n\n<p><strong>2. WHY DO WE COLLECT YOUR DATA AND WHAT IS THE PURPOSE?<\/strong><\/p>\n\n\n\n<p><strong>2.1. Legal Basis for Processing<\/strong><\/p>\n\n\n\n<p>A vida privada dos utilizadores \u00e9 protegida pela lei. Em virtude da lei da prote\u00e7\u00e3o de dados, a POPDIGIT s\u00f3 est\u00e1 autorizada a utilizar os dados pessoais dos utilizadores caso disponha de uma base jur\u00eddica v\u00e1lida. A POPDIGIT deve garantir que disp\u00f5e de uma ou mais das seguintes bases jur\u00eddicas:<\/p>\n\n\n\n<ul class=\"wp-block-list\">\n<li>Execution of a contract (e.g., to process and fulfill an order for goods);<\/li>\n\n\n\n<li>Compliance with a legal obligation (e.g., retaining invoices);<\/li>\n\n\n\n<li>Quando est\u00e1 dentro do interesse leg\u00edtimo da POPDIGIT, ou;<\/li>\n\n\n\n<li>When the user has given their consent.<\/li>\n<\/ul>\n\n\n\n<p>Um &#8220;interesse leg\u00edtimo&#8221; da POPDIGIT n\u00e3o deve ir contra os direitos e liberdades dos utilizadores. Entre os exemplos de interesses leg\u00edtimos mencionados no RGPD (regulamento geral da prote\u00e7\u00e3o de dados) est\u00e3o a preven\u00e7\u00e3o de fraude, o marketing direto e a partilha de dados no seio de um grupo de empresas (como a POPDIGIT e os seus parceiros tecnol\u00f3gicos e\/ou produtores).<\/p>\n\n\n\n<p><strong>2.2. As bases jur\u00eddicas da POPDIGIT<\/strong><\/p>\n\n\n\n<p>A empresa POPDIGIT recolhe e armazena dados pessoais dos seus clientes para efetuar os seguintes tratamentos:<\/p>\n\n\n\n<figure class=\"wp-block-table\"><table class=\"has-fixed-layout\"><tbody><tr><td>Why do we use your personal data?<\/td><td>What are our reasons?<\/td><\/tr><tr><td>\u00b7\u00a0 Management of customer account, shopping cart, and orders<\/td><td>\u00b7\u00a0 Execu\u00e7\u00e3o do contrato entre um Cliente e a POPDIGIT<br>\u00b7\u00a0 Interesse leg\u00edtimo da POPDIGIT<\/td><\/tr><tr><td>\u00b7\u00a0 Management of payment and credit operations<\/td><td>\u00b7\u00a0 Execu\u00e7\u00e3o do contrato entre um Cliente e a POPDIGIT<\/td><\/tr><tr><td>\u00b7\u00a0 Management of delivery operations<\/td><td>\u00b7\u00a0 Execu\u00e7\u00e3o do contrato entre um Cliente e a POPDIGIT<\/td><\/tr><tr><td>\u00b7\u00a0 Customer relationship management (phone\/email\/paper), order follow-up by customer support, product returns, and refunds<\/td><td>\u00b7\u00a0 Execu\u00e7\u00e3o do contrato entre um Cliente e a POPDIGIT<\/td><\/tr><tr><td>\u00b7\u00a0 Recording of customer support interactions to improve the service provided<\/td><td>\u00b7\u00a0 Interesse leg\u00edtimo da POPDIGIT para melhorar a qualidade do servi\u00e7o<\/td><\/tr><tr><td>\u00b7\u00a0 Management of customer satisfaction (collecting feedback on products and customer support performance)<\/td><td>\u00b7\u00a0 Interesse leg\u00edtimo da POPDIGIT para melhorar a qualidade dos artigos e do servi\u00e7o<\/td><\/tr><tr><td>\u00b7\u00a0 Fraud prevention during payment and management of cases of non-payment after order<\/td><td>\u00b7\u00a0 Execu\u00e7\u00e3o do contrato entre um Cliente e a POPDIGIT<br>\u00b7\u00a0 Interesse leg\u00edtimo da POPDIGIT<\/td><\/tr><tr><td>\u00b7\u00a0 Statistical analysis, customer selection, and segmentation to improve customer knowledge<\/td><td>\u00b7\u00a0 Execu\u00e7\u00e3o do contrato entre um Cliente e a POPDIGIT<br>\u00b7\u00a0 Interesse leg\u00edtimo da POPDIGIT<\/td><\/tr><tr><td>\u00b7\u00a0 Sending targeted marketing communications via email, social media, other websites, or other media<\/td><td>\u00b7\u00a0 Consentimento do Cliente<br>\u00b7\u00a0 Interesse leg\u00edtimo para os envios de prospe\u00e7\u00e3o em papel<\/td><\/tr><tr><td>\u00b7\u00a0 Personalizing websites (mobile and desktop) and applications according to User preferences<\/td><td>\u00b7\u00a0 Customer consent<\/td><\/tr><tr><td>\u00b7\u00a0 Measuring website visits (mobile and desktop)<\/td><td>\u00b7\u00a0 Customer consent<\/td><\/tr><tr><td>\u00b7\u00a0 Providing social media sharing tools<\/td><td>\u00b7\u00a0 Customer consent<\/td><\/tr><tr><td>\u00b7\u00a0 Running contests and promotions<\/td><td>\u00b7\u00a0 Interesse leg\u00edtimo da POPDIGIT<\/td><\/tr><tr><td>\u00b7\u00a0 Sharing information with business partners<\/td><td>\u00b7\u00a0 Execu\u00e7\u00e3o do contrato entre um Cliente e a POPDIGIT<br>\u00b7\u00a0 Consentimento do Cliente (para as opera\u00e7\u00f5es com objetivos de prospe\u00e7\u00e3o)<\/td><\/tr><\/tbody><\/table><\/figure>\n\n\n\n<p>For processes requiring consent, the user may withdraw their consent by making a request via <a href=\"mailto:hello@xtore.pt\">shop@popdigit.com<\/a>.<\/p>\n\n\n\n<p><strong>3. WHO RECEIVES YOUR DATA?&nbsp;<\/strong><\/p>\n\n\n\n<p>Os seus dados s\u00e3o transmitidos a parceiros da POPDIGIT que podem tratar dos dados para a sua conta (eles s\u00e3o destinat\u00e1rios) ou apenas para a conta consoante as instru\u00e7\u00f5es da POPDIGIT (estes s\u00e3o subcontratados).<\/p>\n\n\n\n<p>Data recipients include:<\/p>\n\n\n\n<ul class=\"wp-block-list\">\n<li>Autoridade policial no quadro de pedidos judiciais no \u00e2mbito do combate \u00e0 fraude;<\/li>\n\n\n\n<li>Servi\u00e7os aduaneiros em caso de entregas no estrangeiro.<\/li>\n<\/ul>\n\n\n\n<p>A POPDIGIT recorre tamb\u00e9m a servi\u00e7os subcontratados para as seguintes opera\u00e7\u00f5es:<\/p>\n\n\n\n<ul class=\"wp-block-list\">\n<li>Secure payments on websites and mobile applications;<\/li>\n\n\n\n<li>Fraud prevention and payment recovery;<\/li>\n\n\n\n<li>Production and\/or shipment of orders and packaging;<\/li>\n\n\n\n<li>Content and mobile application personalization;<\/li>\n\n\n\n<li>A realiza\u00e7\u00e3o de opera\u00e7\u00f5es de manuten\u00e7\u00e3o e de desenvolvimento t\u00e9cnico do site, das aplica\u00e7\u00f5es e do sistema de informa\u00e7\u00e3o da POPDIGIT;<\/li>\n\n\n\n<li>Customer feedback collection;<\/li>\n\n\n\n<li>Email dispatch.<\/li>\n<\/ul>\n\n\n\n<p>\u00a0A POPDIGIT tamb\u00e9m pode partilhar dados pessoais no futuro:<\/p>\n\n\n\n<ul class=\"wp-block-list\">\n<li>Em caso de venda, transfer\u00eancia ou fus\u00e3o da empresa ou de uma parte dela, ou se a POPDIGIT adquirir ou se fundir com outra empresa;<\/li>\n\n\n\n<li>Se uma tal transa\u00e7\u00e3o ocorrer, a POPDIGIT garantir\u00e1 que a outra parte respeite a legisla\u00e7\u00e3o da prote\u00e7\u00e3o de dados.<\/li>\n<\/ul>\n\n\n\n<p><strong>&nbsp;4. WHAT ARE MY RIGHTS REGARDING DATA?<\/strong><\/p>\n\n\n\n<p><strong>4.1. What are my rights?<\/strong><\/p>\n\n\n\n<p>Under Articles 14 to 22 of Regulation 2016\/679 of April 27, 2016, any individual using the service may exercise the following rights:<\/p>\n\n\n\n<ul class=\"wp-block-list\">\n<li>Right of access;<\/li>\n\n\n\n<li>Right to rectification;<\/li>\n\n\n\n<li>Right to object and delete data processing;<\/li>\n\n\n\n<li>Right to object;<\/li>\n\n\n\n<li>Right to restriction of processing;<\/li>\n\n\n\n<li>Right to data portability.<\/li>\n<\/ul>\n\n\n\n<p>Por fim, quando a POPDIGIT detetar uma viola\u00e7\u00e3o dos dados pessoais suscet\u00edvel de ser um risco elevado para os seus direitos e liberdades, ser\u00e1 informado desta viola\u00e7\u00e3o com todos os detalhes.<\/p>\n\n\n\n<p><strong>4.2. Como os posso exercer?<\/strong><\/p>\n\n\n\n<p>Estes direitos podem ser exercidos junto da POPDIGIT, que recolheu os dados pessoais, atrav\u00e9s do e-mail <a href=\"mailto:hello@xtore.pt\">shop@popdigit.com<\/a>.<\/p>\n\n\n\n<p>The request must be accompanied by proof of identity.<\/p>\n\n\n\n<p>A POPDIGIT responder\u00e1 no prazo de 1 m\u00eas ap\u00f3s o exerc\u00edcio do direito. Em alguns casos, ligados \u00e0 complexidade do pedido ou do n\u00famero de pedidos, este prazo pode ser prolongado para 2 meses.<\/p>\n\n\n\n<p><strong>4.3. What are the consequences of exercising the right to object?<\/strong><\/p>\n\n\n\n<p>In the event of exercising the right to object to profiling, the user is informed that they will continue to receive marketing communications, but these will be less relevant and will not result from segmentation based on the person\u2019s interests.<\/p>\n\n\n\n<p><strong>4.4. What to do next?<\/strong><\/p>\n\n\n\n<p>If there is no response or if the response is unsatisfactory, the user has the right to appeal to the data protection authority in their country of residence. In Portugal, this is the CNPD: <a href=\"https:\/\/www.cnpd.pt\/index.asp\">https:\/\/www.cnpd.pt\/index.asp<\/a><\/p>\n\n\n\n<p><strong>5. WHAT HAPPENS TO MY DATA AFTER MY DEATH?&nbsp;<\/strong><\/p>\n\n\n\n<p>The user may express, in advance, directives regarding the storage, deletion, and communication of their personal data after their death, in accordance with Article 40-1 of Law 78-17 of January 6, 1978. These directives may be general or specific.<\/p>\n\n\n\n<p>O utilizador pode formular as suas diretrizes antecipadas atrav\u00e9s do email <a href=\"mailto:hello@xtore.pt\">shop@popdigit.com<\/a>.<\/p>\n\n\n\n<p><strong>6. ARE MY DATA TRANSFERRED OUTSIDE THE EU?&nbsp;<\/strong><\/p>\n\n\n\n<p>Fica informado de que os seus dados pessoais podem ser transmitidos, com a finalidade de dar resposta aos objetivos acima descritos, a empresas situadas fora da Uni\u00e3o Europeia. Antes da transfer\u00eancia para fora da Uni\u00e3o Europeia, e conforme a lei em vigor, a POPDIGIT implementa todos os procedimentos exigidos para obter as garantias necess\u00e1rias \u00e0 seguran\u00e7a de tais transfer\u00eancias.<\/p>\n\n\n\n<p>Para mais informa\u00e7\u00f5es no enquadramento dos fluxos transfronteiri\u00e7os, pode consultar o website da Comiss\u00e3o Europeia: <a href=\"https:\/\/ec.europa.eu\/info\/law\/law-topic\/data-protection\/data-transfers-outside-eu_pt\">https:\/\/ec.europa.eu\/info\/law\/law-topic\/data-protection\/data-transfers-outside-eu_pt<\/a><\/p>\n\n\n\n<p><strong>7. HOW LONG ARE MY DATA STORED?&nbsp;<\/strong><\/p>\n\n\n\n<p>A POPDIGIT ir\u00e1 proceder \u00e0 conserva\u00e7\u00e3o\/armazenamento de dados de car\u00e1ter pessoal dos utilizadores relativos \u00e0s encomendas durante 5 anos.<\/p>\n\n\n\n<p><strong>8. WHAT SECURITY MEASURES ARE IN PLACE TO PROTECT MY DATA?&nbsp;<\/strong><\/p>\n\n\n\n<p><strong>8.1. General rules<\/strong><\/p>\n\n\n\n<p>Enquanto respons\u00e1vel pelo tratamento de dados, a empresa POPDIGIT, toma todas as precau\u00e7\u00f5es \u00fateis para preservar a seguran\u00e7a e a confidencialidade dos dados, nomeadamente impedir que eles sejam adulterados, danificados ou que terceiros n\u00e3o autorizados tenham acesso.<\/p>\n\n\n\n<p>A POPDIGIT implementou um forte sistema de seguran\u00e7a para assegurar a m\u00e1xima seguran\u00e7a dos dados recolhidos e detetar as viola\u00e7\u00f5es de dados.\u00a0<\/p>\n\n\n\n<p>Quando recorre a subcontratados, a POPDIGIT assegura-se de que estes respeitam a lei da prote\u00e7\u00e3o de dados.<\/p>\n\n\n\n<p><strong>&nbsp;8.2. Rules applicable to banking and credit card data<\/strong><\/p>\n\n\n\n<p>Para garantir a seguran\u00e7a dos pagamentos, a POPDIGIT utiliza os servi\u00e7os do prestador EuPago.\u00a0<\/p>\n\n\n\n<p>Quando faz uma encomenda na POPDIGIT e escolhe o pagamento com cart\u00e3o de cr\u00e9dito, o nosso sistema liga-se em tempo real ao sistema que recolhe os seus dados e procede \u00e0s diversas verifica\u00e7\u00f5es para evitar abusos e fraudes. Os dados s\u00e3o armazenados nos servidores da EuPago e, em momento algum, s\u00e3o transmitidos para os servidores da POPDIGIT. A EuPago faz o pedido de autoriza\u00e7\u00e3o junto do banco e transmite-nos um n\u00famero de transa\u00e7\u00e3o que permite opera\u00e7\u00f5es no valor do montante da autoriza\u00e7\u00e3o.\u00a0<\/p>\n\n\n\n<p>To debit the account during the order or credit it during a return, EuPago retains the banking data associated with the authorization number for the time necessary to complete the transaction and to handle any potential claims (returns, disputes).<\/p>\n\n\n\n<p><strong>8.3. Combatting online fraud<\/strong><\/p>\n\n\n\n<p>Para garantir a seguran\u00e7a dos pagamentos e as entregas e assegurar-lhe uma melhor qualidade do servi\u00e7o, os dados pessoais recolhidos no site tamb\u00e9m s\u00e3o tratados pela POPDIGIT para determinar o n\u00edvel de risco de fraude associado a cada encomenda e, eventualmente, ajudar a adaptar as condi\u00e7\u00f5es de execu\u00e7\u00e3o desta.\u00a0<\/p>\n\n\n\n<p><strong>9. ARE DATA OF INDIVIDUALS UNDER 18 YEARS OLD COLLECTED?<\/strong><\/p>\n\n\n\n<p>According to the general terms and conditions of sale, individuals must be at least 18 years old to make purchases on this website.&nbsp;<\/p>\n\n\n\n<p><strong>10. WILL I RECEIVE MARKETING COMMUNICATIONS?<\/strong><\/p>\n\n\n\n<p><strong>10.1. Princ\u00edpios aplic\u00e1veis \u00e0 <\/strong>POPDIGIT<\/p>\n\n\n\n<p>A POPDIGIT utiliza os seus dados pessoais para lhe dirigir publicidade espec\u00edfica, nomeadamente, por e-mail, correio postal, SMS, notifica\u00e7\u00f5es m\u00f3veis, nas redes sociais ou em sites de terceiros.<\/p>\n\n\n\n<p>Neste \u00e2mbito, a empresa POPDIGIT compromete-se a respeitar as regras aplic\u00e1veis a cada canal de prospe\u00e7\u00e3o.\u00a0<\/p>\n\n\n\n<p><strong>10.2. Email and SMS Marketing<\/strong><\/p>\n\n\n\n<p>A POPDIGIT respeita as regras enunciadas pela diretiva 2002\/58\/CE de 12 de julho de 2002 que prev\u00ea a recolha pr\u00e9via e expressa do consentimento do utilizador para o envio de prospe\u00e7\u00e3o comercial por via eletr\u00f3nica (e-mail ou SMS).<\/p>\n\n\n\n<p>Assim, quando efetua uma compra no website, \u00e9-lhe expressamente pedido o seu consentimento para receber ofertas da POPDIGIT por e-mail.<\/p>\n\n\n\n<p>A POPDIGIT n\u00e3o lhe enviar\u00e1 ofertas personalizadas por e-mail ou SMS se n\u00e3o deu o seu consentimento para tal.<\/p>\n\n\n\n<p>Existe uma exce\u00e7\u00e3o que reside na hip\u00f3tese do utilizador, sem ter dado o seu pr\u00e9vio consentimento, ser j\u00e1 cliente da POPDIGIT e receber comunica\u00e7\u00f5es de marketing de prospe\u00e7\u00e3o com produtos e servi\u00e7os an\u00e1logos.<\/p>\n\n\n\n<p>In any case, the user has the option to object to receiving marketing communications by taking the following actions:<\/p>\n\n\n\n<ul class=\"wp-block-list\">\n<li>When making a purchase, select \u201cno\u201d in the fields related to receiving exclusive offers;<\/li>\n\n\n\n<li>For email communications, you can click on the unsubscribe link included in each email;<\/li>\n\n\n\n<li>Contactando o Servi\u00e7o de Apoio ao Cliente atrav\u00e9s do <a href=\"mailto:shop@digit.com\">shop@popdigit.com<\/a>.<\/li>\n<\/ul>\n\n\n\n<p><strong>10.3. Email Retargeting<\/strong><\/p>\n\n\n\n<p>Depois de ter navegado no nosso site, recebe um e-mail sem ter dado o seu endere\u00e7o eletr\u00f3nico \u00e0 POPDIGIT.\u00a0 Como \u00e9 isso poss\u00edvel?<\/p>\n\n\n\n<p>A POPDIGIT utiliza os servi\u00e7os de empresas cuja fun\u00e7\u00e3o \u00e9 identificar os internautas que j\u00e1 visitaram o nosso site e enviar-lhes e-mails personalizados.<\/p>\n\n\n\n<p>These companies use cookies to distinguish users and then personalize the marketing communications they receive based on their browsing history.<\/p>\n\n\n\n<p>Who collected my email address?<\/p>\n\n\n\n<p>This processing involves partners who have already collected your email address, along with your consent authorizing the sending of marketing communications.<\/p>\n\n\n\n<p>Poder\u00e1 opor-se a este tipo de tratamento atrav\u00e9s do <a href=\"mailto:hello@xtore.pt\">shop@popdigit.com<\/a>.<\/p>\n\n\n\n<p><strong>11. A POPDIGIT UTILIZA COOKIES, TAGS E RASTREADORES<\/strong><\/p>\n\n\n\n<p>When you use our Service, information regarding your device's browsing (computer, tablet, smartphone, etc.) may be stored in \"Cookies\" files installed on your terminal, according to your choice regarding Cookies, which you can change at any time.<\/p>\n\n\n\n<p><strong>11.1. O que \u00e9 um Cookie?<\/strong><\/p>\n\n\n\n<p>The term \"cookie\" encompasses various technologies that enable tracking browsing or analyzing user behavior. These technologies are diverse and constantly evolving. Notably, there are cookies, tags, pixels, and JavaScript codes.<\/p>\n\n\n\n<p>A cookie is a small text file stored by the browser program on your computer, tablet, or smartphone, which allows user data to be saved to facilitate browsing and enable certain functionalities.<\/p>\n\n\n\n<p>Tipos de cookies:<\/p>\n\n\n\n<ul class=\"wp-block-list\">\n<li>Cookies Essenciais: Necess\u00e1rios para o funcionamento do site e para permitir funcionalidades b\u00e1sicas.<\/li>\n\n\n\n<li>Cookies de Desempenho: Recolhem informa\u00e7\u00f5es sobre como os utilizadores interagem com o site, permitindo-nos otimizar o seu funcionamento.<\/li>\n\n\n\n<li>Cookies Funcionais: Permitem que o site memorize as suas escolhas (como o idioma) e forne\u00e7a funcionalidades melhoradas.<\/li>\n\n\n\n<li>Cookies de Publicidade: Utilizados para apresentar an\u00fancios relevantes aos seus interesses e medir a efic\u00e1cia das campanhas publicit\u00e1rias.<\/li>\n<\/ul>\n\n\n\n<p>No website existem:<\/p>\n\n\n\n<ul class=\"wp-block-list\">\n<li>Cookies instalados pela POPDIGIT por necessidades ligadas \u00e0 navega\u00e7\u00e3o e ao funcionamento do site ou da aplica\u00e7\u00e3o m\u00f3vel;<\/li>\n\n\n\n<li>Cookies de terceiros instalados pelas empresas parceiras para identificar os seus centros de interesse e dirigir-lhe comunica\u00e7\u00f5es de marketing personalizadas. Estes cookies de terceiros s\u00e3o diretamente gerados por empresas que os editam e que tamb\u00e9m devem respeitar a lei da prote\u00e7\u00e3o de dados.<\/li>\n<\/ul>\n\n\n\n<p>Utilizamos servi\u00e7os de terceiros, como o Google Analytics, para analisar o tr\u00e1fego do site. Estes servi\u00e7os podem colocar os seus pr\u00f3prios cookies no seu dispositivo. Recomendamos que consulte as pol\u00edticas de privacidade desses terceiros para obter mais informa\u00e7\u00f5es.<\/p>\n\n\n\n<p><strong>11.2. What are cookies, tags, and trackers used for?<\/strong><\/p>\n\n\n\n<p>Os Cookies que a POPDIGIT emite no site permitem-nos:<\/p>\n\n\n\n<ul class=\"wp-block-list\">\n<li>Estabelecer estat\u00edsticas e quantidades de frequ\u00eancia e de utiliza\u00e7\u00e3o dos diversos elementos que comp\u00f5em os nossos servi\u00e7os. Para isso, recorremos a cookies de medida de audi\u00eancias;<\/li>\n\n\n\n<li>Adaptar a apresenta\u00e7\u00e3o do nosso site consoante o dispositivo usado;<\/li>\n\n\n\n<li>Adaptar a apresenta\u00e7\u00e3o do nosso site consoante as afinidades de cada utilizador;<\/li>\n\n\n\n<li>Memorizar informa\u00e7\u00f5es relativas a um formul\u00e1rio que preencheu no nosso site;<\/li>\n\n\n\n<li>Permitir que o utilizador aceda a espa\u00e7os reservados do nosso site;<\/li>\n\n\n\n<li>P\u00f4r em pr\u00e1tica medidas de seguran\u00e7a;<\/li>\n\n\n\n<li>Partilhar informa\u00e7\u00f5es com anunciantes em outros sites para lhe propor comunica\u00e7\u00f5es de marketing pertinentes e adequados aos seus centros de interesse. Para isso, recorremos a cookies publicit\u00e1rios;<\/li>\n\n\n\n<li>Partilhar informa\u00e7\u00f5es nas redes sociais. Para isso, recorremos a cookies que permitem partilhar nessas redes.<\/li>\n<\/ul>\n\n\n\n<p><strong>11.3. How to configure the installation of cookies, tags, and trackers?<\/strong><\/p>\n\n\n\n<p>Conforme a diretiva 2002\/58\/CE de 12 de julho de 2002, a empresa POPDIGIT pede o seu consentimento pr\u00e9vio para a instala\u00e7\u00e3o de cookies publicit\u00e1rios, de medida de audi\u00eancia e de partilha nas redes sociais.\u00a0<\/p>\n\n\n\n<p>Ao aceder ao website, ser\u00e1 apresentado um banner de consentimento de cookies. Pode gerir as suas prefer\u00eancias atrav\u00e9s deste banner ou ajustar as configura\u00e7\u00f5es do seu navegador para aceitar, recusar ou apagar cookies. Note que a desativa\u00e7\u00e3o de alguns cookies pode afetar a funcionalidade do site.<\/p>\n\n\n\n<p><strong>11.3.1. Configuration of your browser program<\/strong><\/p>\n\n\n\n<p>You can configure your browser program to either allow cookies to be stored on your device or to reject them, either systematically or based on the sender. You can also configure your browser to prompt you for acceptance or rejection of cookies on a case-by-case basis before a cookie is saved on your device.<\/p>\n\n\n\n<p>How to exercise your choice, depending on the browser you use?<\/p>\n\n\n\n<p>For managing cookies and your preferences, the settings for each browser are different. This is described in the help menu of your browser, which will guide you on how to modify your cookie choices.<\/p>\n\n\n\n<ul class=\"wp-block-list\">\n<li>No Internet Explorer\u2122: <a href=\"http:\/\/windows.microsoft.com\/pt-PT\/windows-vista\/Block-or-allow-cookies\">http:\/\/windows.microsoft.com\/pt-PT\/windows-vista\/Block-or-allow-cookies<\/a>&nbsp;<\/li>\n\n\n\n<li>In Safari\u2122: <a href=\"https:\/\/support.apple.com\/pt-pt\/guide\/safari\/manage-cookies-and-website-data-sfri11471\/mac\">https:\/\/support.apple.com\/pt-pt\/guide\/safari\/manage-cookies-and-website-data-sfri11471\/mac<\/a><\/li>\n\n\n\n<li>No Chrome\u2122: <a href=\"https:\/\/support.google.com\/chrome\/answer\/95647?hl=pt&amp;hlrm=pt\">https:\/\/support.google.com\/chrome\/answer\/95647?hl=pt&amp;hlrm=pt<\/a>&nbsp;<\/li>\n\n\n\n<li>No Firefox\u2122: <a href=\"https:\/\/support.mozilla.org\/pt-PT\/products\/firefox\/protect-your-privacy\/cookies\">https:\/\/support.mozilla.org\/pt-PT\/products\/firefox\/protect-your-privacy\/cookies<\/a><\/li>\n\n\n\n<li>No Opera\u2122: <a href=\"http:\/\/help.opera.com\/en\/latest\/web-preferences\/#cookies\">http:\/\/help.opera.com\/en\/latest\/web-preferences\/#cookies<\/a><\/li>\n<\/ul>\n\n\n\n<p><strong>11.3.2. Configuring the operating system of your smartphone<\/strong><\/p>\n\n\n\n<p>You can control the installation of cookies on your smartphone through the system settings.<\/p>\n\n\n\n<ul class=\"wp-block-list\">\n<li>No iOS: <a href=\"https:\/\/support.apple.com\/pt-pt\/HT201265\">https:\/\/support.apple.com\/pt-pt\/HT201265<\/a><\/li>\n\n\n\n<li>No Android: <a href=\"https:\/\/support.google.com\/chrome\/topic\/3434352\">https:\/\/support.google.com\/chrome\/topic\/3434352<\/a><\/li>\n<\/ul>\n\n\n\n<p><strong>11.3.3. Configura\u00e7\u00e3o dos cookies com uma ferramenta proposta pela POPDIGIT<\/strong><\/p>\n\n\n\n<p>Para estar em conformidade com a regulamenta\u00e7\u00e3o, a POPDIGIT utiliza uma ferramenta que permite aos utilizadores configurar a instala\u00e7\u00e3o de cookies quando entra no site <a href=\"https:\/\/j-ferreira.pt\/en\/\">https:\/\/j-ferreira.pt\/<\/a>.<\/p>\n\n\n\n<p><strong>11.3.4. Opt-Out List for Managing Cookie Installation<\/strong><\/p>\n\n\n\n<p>Tamb\u00e9m tem a possibilidade de se opor \u00e0 instala\u00e7\u00e3o de cookies acedendo ao site <a href=\"http:\/\/www.youronlinechoices.com\/pt\/your-ad-choices\">http:\/\/www.youronlinechoices.com\/pt\/your-ad-choices.<\/a><\/p>\n\n\n\n<p>\u2014-<\/p>\n\n\n\n<p>Podemos atualizar esta pol\u00edtica periodicamente. Recomendamos que consulte esta p\u00e1gina regularmente para se manter informado sobre as nossas pr\u00e1ticas de privacidade.<\/p>\n\n\n\n<p>Para conhecer melhor os seus direitos, aceda ao site da respetiva autoridade controladora em Portugal, a CNPD: https:\/\/www.cnpd.pt\/index.asp.<\/p>","protected":false},"excerpt":{"rendered":"<p>A POPDIGIT compromete-se a proteger a privacidade dos seus utilizadores. Esta pol\u00edtica explica como recolhemos, utilizamos, armazenamos e protegemos os seus dados pessoais. No quadro das suas atividades, a POPDIGIT coloca \u00e0 disposi\u00e7\u00e3o dos seus clientes um servi\u00e7o de com\u00e9rcio eletr\u00f3nico acess\u00edvel a partir do site https:\/\/j-ferreira.pt\/ e, para conseguir prestar este servi\u00e7o, recolhe dados [&hellip;]<\/p>","protected":false},"author":1,"featured_media":0,"parent":0,"menu_order":0,"comment_status":"closed","ping_status":"open","template":"","meta":{"footnotes":""},"class_list":["post-3","page","type-page","status-publish","hentry"],"_links":{"self":[{"href":"https:\/\/j-ferreira.pt\/en\/wp-json\/wp\/v2\/pages\/3","targetHints":{"allow":["GET"]}}],"collection":[{"href":"https:\/\/j-ferreira.pt\/en\/wp-json\/wp\/v2\/pages"}],"about":[{"href":"https:\/\/j-ferreira.pt\/en\/wp-json\/wp\/v2\/types\/page"}],"author":[{"embeddable":true,"href":"https:\/\/j-ferreira.pt\/en\/wp-json\/wp\/v2\/users\/1"}],"replies":[{"embeddable":true,"href":"https:\/\/j-ferreira.pt\/en\/wp-json\/wp\/v2\/comments?post=3"}],"version-history":[{"count":5,"href":"https:\/\/j-ferreira.pt\/en\/wp-json\/wp\/v2\/pages\/3\/revisions"}],"predecessor-version":[{"id":4502,"href":"https:\/\/j-ferreira.pt\/en\/wp-json\/wp\/v2\/pages\/3\/revisions\/4502"}],"wp:attachment":[{"href":"https:\/\/j-ferreira.pt\/en\/wp-json\/wp\/v2\/media?parent=3"}],"curies":[{"name":"wp","href":"https:\/\/api.w.org\/{rel}","templated":true}]}}